{"id":9,"date":"2022-08-06T08:19:51","date_gmt":"2022-08-06T08:19:51","guid":{"rendered":"https:\/\/lecollinedisamperi.it\/?page_id=9"},"modified":"2022-12-10T19:17:19","modified_gmt":"2022-12-10T19:17:19","slug":"chi-siamo","status":"publish","type":"page","link":"https:\/\/lecollinedisamperi.it\/?page_id=9","title":{"rendered":"Chi siamo"},"content":{"rendered":"<div class=\"wp-block-image\">\n<figure class=\"aligncenter size-full\"><img fetchpriority=\"high\" decoding=\"async\" width=\"500\" height=\"333\" src=\"https:\/\/lecollinedisamperi.it\/wp-content\/uploads\/2022\/12\/azienda.gif\" alt=\"\" class=\"wp-image-130\"\/><\/figure>\n<\/div>\n\n\n<p>Nonostante la nostra sia un&#8217;azienda giovane da un punto di vista anagrafico, da un punto di vista di produttivit\u00e0 e organizzazione l&#8217;azienda si avvale di una grandissima esperienza che viene ereditata da una tradizione familiare preesistente, attraverso la quale abbiamo sviluppato metodi di coltivazione e produzione ormai affermati. La passione \u00e8 sempre stata alla base del nostro lavoro, in una provincia dove l&#8217;agricoltura \u00e8 stata ed \u00e8 una delle piu grandi risorse del nostro territorio. Questo ci ha consentito oggi di fare il passo successivo, cio\u00e8 quello di mettere a disposizione di tutti la nostra esperienza condividendo i nostri prodotti, famosi ormai per la loro genuinit\u00e0 e le caratteristiche legate al territorio di appartenenza.<\/p>\n\n\n\n<p><\/p>\n","protected":false},"excerpt":{"rendered":"<p>Nonostante la nostra sia un&#8217;azienda giovane da un punto di vista anagrafico, da un punto di vista di produttivit\u00e0 e organizzazione l&#8217;azienda si avvale di una grandissima esperienza che viene ereditata da una tradizione familiare preesistente, attraverso la quale abbiamo sviluppato metodi di coltivazione e produzione ormai affermati. La passione \u00e8 sempre stata alla base &hellip; <\/p>\n<p class=\"link-more\"><a href=\"https:\/\/lecollinedisamperi.it\/?page_id=9\" class=\"more-link\">Leggi tutto<span class=\"screen-reader-text\"> &#8220;Chi siamo&#8221;<\/span><\/a><\/p>\n","protected":false},"author":1,"featured_media":36,"parent":0,"menu_order":0,"comment_status":"closed","ping_status":"closed","template":"","meta":{"footnotes":""},"class_list":["post-9","page","type-page","status-publish","has-post-thumbnail","hentry"],"yoast_head":"<!-- This site is optimized with the Yoast SEO plugin v27.3 - https:\/\/yoast.com\/product\/yoast-seo-wordpress\/ -->\n<title>Chi siamo - Le colline di Samperi<\/title>\n<meta name=\"robots\" content=\"index, follow, max-snippet:-1, max-image-preview:large, max-video-preview:-1\" \/>\n<link rel=\"canonical\" href=\"https:\/\/lecollinedisamperi.it\/?page_id=9\" \/>\n<meta property=\"og:locale\" content=\"it_IT\" \/>\n<meta property=\"og:type\" content=\"article\" \/>\n<meta property=\"og:title\" content=\"Chi siamo - Le colline di Samperi\" \/>\n<meta property=\"og:description\" content=\"Nonostante la nostra sia un&#8217;azienda giovane da un punto di vista anagrafico, da un punto di vista di produttivit\u00e0 e organizzazione l&#8217;azienda si avvale di una grandissima esperienza che viene ereditata da una tradizione familiare preesistente, attraverso la quale abbiamo sviluppato metodi di coltivazione e produzione ormai affermati. La passione \u00e8 sempre stata alla base &hellip; Leggi tutto &quot;Chi siamo&quot;\" \/>\n<meta property=\"og:url\" content=\"https:\/\/lecollinedisamperi.it\/?page_id=9\" \/>\n<meta property=\"og:site_name\" content=\"Le colline di Samperi\" \/>\n<meta property=\"article:modified_time\" content=\"2022-12-10T19:17:19+00:00\" \/>\n<meta property=\"og:image\" content=\"https:\/\/lecollinedisamperi.it\/wp-content\/uploads\/2022\/09\/olive-tree-g1e0479f2e_1920.jpg\" \/>\n\t<meta property=\"og:image:width\" content=\"1920\" \/>\n\t<meta property=\"og:image:height\" content=\"1280\" \/>\n\t<meta property=\"og:image:type\" content=\"image\/jpeg\" \/>\n<meta name=\"twitter:card\" content=\"summary_large_image\" \/>\n<meta name=\"twitter:label1\" content=\"Tempo di lettura stimato\" \/>\n\t<meta name=\"twitter:data1\" content=\"1 minuto\" \/>\n<script type=\"application\/ld+json\" class=\"yoast-schema-graph\">{\"@context\":\"https:\\\/\\\/schema.org\",\"@graph\":[{\"@type\":\"WebPage\",\"@id\":\"https:\\\/\\\/lecollinedisamperi.it\\\/?page_id=9\",\"url\":\"https:\\\/\\\/lecollinedisamperi.it\\\/?page_id=9\",\"name\":\"Chi siamo - Le colline di Samperi\",\"isPartOf\":{\"@id\":\"https:\\\/\\\/lecollinedisamperi.it\\\/#website\"},\"primaryImageOfPage\":{\"@id\":\"https:\\\/\\\/lecollinedisamperi.it\\\/?page_id=9#primaryimage\"},\"image\":{\"@id\":\"https:\\\/\\\/lecollinedisamperi.it\\\/?page_id=9#primaryimage\"},\"thumbnailUrl\":\"https:\\\/\\\/lecollinedisamperi.it\\\/wp-content\\\/uploads\\\/2022\\\/09\\\/olive-tree-g1e0479f2e_1920.jpg\",\"datePublished\":\"2022-08-06T08:19:51+00:00\",\"dateModified\":\"2022-12-10T19:17:19+00:00\",\"breadcrumb\":{\"@id\":\"https:\\\/\\\/lecollinedisamperi.it\\\/?page_id=9#breadcrumb\"},\"inLanguage\":\"it-IT\",\"potentialAction\":[{\"@type\":\"ReadAction\",\"target\":[\"https:\\\/\\\/lecollinedisamperi.it\\\/?page_id=9\"]}]},{\"@type\":\"ImageObject\",\"inLanguage\":\"it-IT\",\"@id\":\"https:\\\/\\\/lecollinedisamperi.it\\\/?page_id=9#primaryimage\",\"url\":\"https:\\\/\\\/lecollinedisamperi.it\\\/wp-content\\\/uploads\\\/2022\\\/09\\\/olive-tree-g1e0479f2e_1920.jpg\",\"contentUrl\":\"https:\\\/\\\/lecollinedisamperi.it\\\/wp-content\\\/uploads\\\/2022\\\/09\\\/olive-tree-g1e0479f2e_1920.jpg\",\"width\":1920,\"height\":1280},{\"@type\":\"BreadcrumbList\",\"@id\":\"https:\\\/\\\/lecollinedisamperi.it\\\/?page_id=9#breadcrumb\",\"itemListElement\":[{\"@type\":\"ListItem\",\"position\":1,\"name\":\"Home\",\"item\":\"https:\\\/\\\/lecollinedisamperi.it\\\/\"},{\"@type\":\"ListItem\",\"position\":2,\"name\":\"Chi siamo\"}]},{\"@type\":\"WebSite\",\"@id\":\"https:\\\/\\\/lecollinedisamperi.it\\\/#website\",\"url\":\"https:\\\/\\\/lecollinedisamperi.it\\\/\",\"name\":\"Le colline di Samperi\",\"description\":\"Oasi di benessere ricca di storia\",\"publisher\":{\"@id\":\"https:\\\/\\\/lecollinedisamperi.it\\\/#organization\"},\"potentialAction\":[{\"@type\":\"SearchAction\",\"target\":{\"@type\":\"EntryPoint\",\"urlTemplate\":\"https:\\\/\\\/lecollinedisamperi.it\\\/?s={search_term_string}\"},\"query-input\":{\"@type\":\"PropertyValueSpecification\",\"valueRequired\":true,\"valueName\":\"search_term_string\"}}],\"inLanguage\":\"it-IT\"},{\"@type\":\"Organization\",\"@id\":\"https:\\\/\\\/lecollinedisamperi.it\\\/#organization\",\"name\":\"Le colline di Samperi\",\"url\":\"https:\\\/\\\/lecollinedisamperi.it\\\/\",\"logo\":{\"@type\":\"ImageObject\",\"inLanguage\":\"it-IT\",\"@id\":\"https:\\\/\\\/lecollinedisamperi.it\\\/#\\\/schema\\\/logo\\\/image\\\/\",\"url\":\"https:\\\/\\\/lecollinedisamperi.it\\\/wp-content\\\/uploads\\\/2022\\\/12\\\/cropped-logotrasp.gif\",\"contentUrl\":\"https:\\\/\\\/lecollinedisamperi.it\\\/wp-content\\\/uploads\\\/2022\\\/12\\\/cropped-logotrasp.gif\",\"width\":208,\"height\":250,\"caption\":\"Le colline di Samperi\"},\"image\":{\"@id\":\"https:\\\/\\\/lecollinedisamperi.it\\\/#\\\/schema\\\/logo\\\/image\\\/\"}}]}<\/script>\n<!-- \/ Yoast SEO plugin. -->","yoast_head_json":{"title":"Chi siamo - Le colline di Samperi","robots":{"index":"index","follow":"follow","max-snippet":"max-snippet:-1","max-image-preview":"max-image-preview:large","max-video-preview":"max-video-preview:-1"},"canonical":"https:\/\/lecollinedisamperi.it\/?page_id=9","og_locale":"it_IT","og_type":"article","og_title":"Chi siamo - Le colline di Samperi","og_description":"Nonostante la nostra sia un&#8217;azienda giovane da un punto di vista anagrafico, da un punto di vista di produttivit\u00e0 e organizzazione l&#8217;azienda si avvale di una grandissima esperienza che viene ereditata da una tradizione familiare preesistente, attraverso la quale abbiamo sviluppato metodi di coltivazione e produzione ormai affermati. La passione \u00e8 sempre stata alla base &hellip; Leggi tutto \"Chi siamo\"","og_url":"https:\/\/lecollinedisamperi.it\/?page_id=9","og_site_name":"Le colline di Samperi","article_modified_time":"2022-12-10T19:17:19+00:00","og_image":[{"width":1920,"height":1280,"url":"https:\/\/lecollinedisamperi.it\/wp-content\/uploads\/2022\/09\/olive-tree-g1e0479f2e_1920.jpg","type":"image\/jpeg"}],"twitter_card":"summary_large_image","twitter_misc":{"Tempo di lettura stimato":"1 minuto"},"schema":{"@context":"https:\/\/schema.org","@graph":[{"@type":"WebPage","@id":"https:\/\/lecollinedisamperi.it\/?page_id=9","url":"https:\/\/lecollinedisamperi.it\/?page_id=9","name":"Chi siamo - Le colline di Samperi","isPartOf":{"@id":"https:\/\/lecollinedisamperi.it\/#website"},"primaryImageOfPage":{"@id":"https:\/\/lecollinedisamperi.it\/?page_id=9#primaryimage"},"image":{"@id":"https:\/\/lecollinedisamperi.it\/?page_id=9#primaryimage"},"thumbnailUrl":"https:\/\/lecollinedisamperi.it\/wp-content\/uploads\/2022\/09\/olive-tree-g1e0479f2e_1920.jpg","datePublished":"2022-08-06T08:19:51+00:00","dateModified":"2022-12-10T19:17:19+00:00","breadcrumb":{"@id":"https:\/\/lecollinedisamperi.it\/?page_id=9#breadcrumb"},"inLanguage":"it-IT","potentialAction":[{"@type":"ReadAction","target":["https:\/\/lecollinedisamperi.it\/?page_id=9"]}]},{"@type":"ImageObject","inLanguage":"it-IT","@id":"https:\/\/lecollinedisamperi.it\/?page_id=9#primaryimage","url":"https:\/\/lecollinedisamperi.it\/wp-content\/uploads\/2022\/09\/olive-tree-g1e0479f2e_1920.jpg","contentUrl":"https:\/\/lecollinedisamperi.it\/wp-content\/uploads\/2022\/09\/olive-tree-g1e0479f2e_1920.jpg","width":1920,"height":1280},{"@type":"BreadcrumbList","@id":"https:\/\/lecollinedisamperi.it\/?page_id=9#breadcrumb","itemListElement":[{"@type":"ListItem","position":1,"name":"Home","item":"https:\/\/lecollinedisamperi.it\/"},{"@type":"ListItem","position":2,"name":"Chi siamo"}]},{"@type":"WebSite","@id":"https:\/\/lecollinedisamperi.it\/#website","url":"https:\/\/lecollinedisamperi.it\/","name":"Le colline di Samperi","description":"Oasi di benessere ricca di storia","publisher":{"@id":"https:\/\/lecollinedisamperi.it\/#organization"},"potentialAction":[{"@type":"SearchAction","target":{"@type":"EntryPoint","urlTemplate":"https:\/\/lecollinedisamperi.it\/?s={search_term_string}"},"query-input":{"@type":"PropertyValueSpecification","valueRequired":true,"valueName":"search_term_string"}}],"inLanguage":"it-IT"},{"@type":"Organization","@id":"https:\/\/lecollinedisamperi.it\/#organization","name":"Le colline di Samperi","url":"https:\/\/lecollinedisamperi.it\/","logo":{"@type":"ImageObject","inLanguage":"it-IT","@id":"https:\/\/lecollinedisamperi.it\/#\/schema\/logo\/image\/","url":"https:\/\/lecollinedisamperi.it\/wp-content\/uploads\/2022\/12\/cropped-logotrasp.gif","contentUrl":"https:\/\/lecollinedisamperi.it\/wp-content\/uploads\/2022\/12\/cropped-logotrasp.gif","width":208,"height":250,"caption":"Le colline di Samperi"},"image":{"@id":"https:\/\/lecollinedisamperi.it\/#\/schema\/logo\/image\/"}}]}},"_links":{"self":[{"href":"https:\/\/lecollinedisamperi.it\/index.php?rest_route=\/wp\/v2\/pages\/9","targetHints":{"allow":["GET"]}}],"collection":[{"href":"https:\/\/lecollinedisamperi.it\/index.php?rest_route=\/wp\/v2\/pages"}],"about":[{"href":"https:\/\/lecollinedisamperi.it\/index.php?rest_route=\/wp\/v2\/types\/page"}],"author":[{"embeddable":true,"href":"https:\/\/lecollinedisamperi.it\/index.php?rest_route=\/wp\/v2\/users\/1"}],"replies":[{"embeddable":true,"href":"https:\/\/lecollinedisamperi.it\/index.php?rest_route=%2Fwp%2Fv2%2Fcomments&post=9"}],"version-history":[{"count":8,"href":"https:\/\/lecollinedisamperi.it\/index.php?rest_route=\/wp\/v2\/pages\/9\/revisions"}],"predecessor-version":[{"id":131,"href":"https:\/\/lecollinedisamperi.it\/index.php?rest_route=\/wp\/v2\/pages\/9\/revisions\/131"}],"wp:featuredmedia":[{"embeddable":true,"href":"https:\/\/lecollinedisamperi.it\/index.php?rest_route=\/wp\/v2\/media\/36"}],"wp:attachment":[{"href":"https:\/\/lecollinedisamperi.it\/index.php?rest_route=%2Fwp%2Fv2%2Fmedia&parent=9"}],"curies":[{"name":"wp","href":"https:\/\/api.w.org\/{rel}","templated":true}]}}